{"id":2433,"date":"2023-08-23T23:50:48","date_gmt":"2023-08-23T23:50:48","guid":{"rendered":"https:\/\/digitaltechnology.com.ar\/vinilosencd\/?post_type=product&#038;p=2433"},"modified":"2026-03-04T20:30:00","modified_gmt":"2026-03-04T20:30:00","slug":"saturday-night-in-manhattan","status":"publish","type":"product","link":"https:\/\/digitaltechnology.com.ar\/vinilosencd\/producto\/saturday-night-in-manhattan\/","title":{"rendered":"SATURDAY NIGHT IN MANHATTAN"},"content":{"rendered":"<p><strong>Edici\u00f3n digital proveniente de vinilo remasterizado profesionalmente.<br \/>\nEste \u00e1lbum de la colecci\u00f3n est\u00e1 disponible en formato digital para que disfrutes la esencia del vinilo con calidad de estudio, directo en tu biblioteca musical.<\/strong><\/p>\n<p>&nbsp;<\/p>\n<div><u>\u2714 Equipamiento utilizado:<\/u><br \/>\nBandeja giradiscos: Technics Mk2<br \/>\nC\u00e1psula: Ortofon Pro Concorde (Gris)<\/div>\n<div><u>\u2714 Software utilizado:<\/u><br \/>\nGrabaci\u00f3n\/edicion: Cool Edir Pro, Sound Force Audio, LANDR<\/div>\n<div><u>\u2714 Incluye:<\/u><\/div>\n<div>Rip vinilo original<\/div>\n<div>Vinilo Masterizado<\/div>\n<div>Tapa y Contratapa cd<\/div>\n<div><u>\u2714 Tama\u00f1o del archivo:<\/u><\/div>\n<p>479,3 Mb<\/p>\n<div class=\"&quot;ProductDescription-attributeValueInfo&quot;\">\n<div class=\"&quot;ProductDescription-attributeValueDescription&quot;\">\n<p><strong><a href=\"https:\/\/digitaltechnology.com.ar\/vinilosencd\/\" target=\"_blank\" rel=\"noopener\">Nota<\/a>:<\/strong>\u00a0<em>Todos los temas estan re-masterizados, no escucharas ningun ruido de vinilo. <\/em><\/p>\n<p><em>La compresi\u00f3n que se entrega es <a href=\"https:\/\/es.wikipedia.org\/wiki\/FLAC\" target=\"_blank\" rel=\"noopener\">FLAC<\/a> y esta hecha luego de ser masterizado el producto.<\/em><\/p>\n<\/div>\n<\/div>\n<div class=\"pvc_clear\"><\/div>\n<p id=\"pvc_stats_2433\" class=\"pvc_stats all  \" data-element-id=\"2433\" style=\"\"><i class=\"pvc-stats-icon medium\" aria-hidden=\"true\"><svg aria-hidden=\"true\" focusable=\"false\" data-prefix=\"far\" data-icon=\"chart-bar\" role=\"img\" xmlns=\"http:\/\/www.w3.org\/2000\/svg\" viewBox=\"0 0 512 512\" class=\"svg-inline--fa fa-chart-bar fa-w-16 fa-2x\"><path fill=\"currentColor\" d=\"M396.8 352h22.4c6.4 0 12.8-6.4 12.8-12.8V108.8c0-6.4-6.4-12.8-12.8-12.8h-22.4c-6.4 0-12.8 6.4-12.8 12.8v230.4c0 6.4 6.4 12.8 12.8 12.8zm-192 0h22.4c6.4 0 12.8-6.4 12.8-12.8V140.8c0-6.4-6.4-12.8-12.8-12.8h-22.4c-6.4 0-12.8 6.4-12.8 12.8v198.4c0 6.4 6.4 12.8 12.8 12.8zm96 0h22.4c6.4 0 12.8-6.4 12.8-12.8V204.8c0-6.4-6.4-12.8-12.8-12.8h-22.4c-6.4 0-12.8 6.4-12.8 12.8v134.4c0 6.4 6.4 12.8 12.8 12.8zM496 400H48V80c0-8.84-7.16-16-16-16H16C7.16 64 0 71.16 0 80v336c0 17.67 14.33 32 32 32h464c8.84 0 16-7.16 16-16v-16c0-8.84-7.16-16-16-16zm-387.2-48h22.4c6.4 0 12.8-6.4 12.8-12.8v-70.4c0-6.4-6.4-12.8-12.8-12.8h-22.4c-6.4 0-12.8 6.4-12.8 12.8v70.4c0 6.4 6.4 12.8 12.8 12.8z\" class=\"\"><\/path><\/svg><\/i> <img decoding=\"async\" width=\"16\" height=\"16\" alt=\"Loading\" data-src=\"https:\/\/digitaltechnology.com.ar\/vinilosencd\/wp-content\/plugins\/page-views-count\/ajax-loader-2x.gif\" border=0 src=\"data:image\/svg+xml;base64,PHN2ZyB3aWR0aD0iMSIgaGVpZ2h0PSIxIiB4bWxucz0iaHR0cDovL3d3dy53My5vcmcvMjAwMC9zdmciPjwvc3ZnPg==\" class=\"lazyload\" style=\"--smush-placeholder-width: 16px; --smush-placeholder-aspect-ratio: 16\/16;\" \/><\/p>\n<div class=\"pvc_clear\"><\/div>\n","protected":false},"excerpt":{"rendered":"<p>&nbsp;<\/p>\n<p>LADO A:<\/p>\n<ol>\n<li><strong>IRENE CARA<\/strong> &#8211; Flashdance<\/li>\n<li><a href=\"https:\/\/digitaltechnology.com.ar\/vinilosremasterizados\/producto\/sylvester-dont-stop\/\" target=\"_blank\" rel=\"noopener\"><strong>PATRICK COWLEY &amp; SYLVESTER<\/strong> &#8211; Don&#8217;t stop<\/a><\/li>\n<li><strong>Q-FEEL<\/strong> &#8211; Go for it<\/li>\n<\/ol>\n<p>LADO B:<\/p>\n<ol>\n<li><strong>FREEEZ<\/strong> &#8211; I.o.u.<\/li>\n<li><strong>BOBBY STEWART<\/strong> &#8211; Copyright on love<\/li>\n<li><strong>D. TRAIN<\/strong> &#8211; Music<\/li>\n<\/ol>\n<p>Escuchar producto masterizado<br \/>\n<iframe data-src=\"https:\/\/archive.org\/embed\/01-irene-cara-flashdance\" width=\"500\" height=\"60\" frameborder=\"0\" allowfullscreen=\"allowfullscreen\" src=\"data:image\/svg+xml;base64,PHN2ZyB3aWR0aD0iMSIgaGVpZ2h0PSIxIiB4bWxucz0iaHR0cDovL3d3dy53My5vcmcvMjAwMC9zdmciPjwvc3ZnPg==\" class=\"lazyload\" data-load-mode=\"1\"><\/iframe><\/p>\n<p><a href=\"https:\/\/mpago.la\/17YPmLP\" target=\"_blank\" rel=\"noopener\"><img decoding=\"async\" class=\"alignnone size-full wp-image-2646 lazyload\" data-src=\"https:\/\/digitaltechnology.com.ar\/vinilosencd\/wp-content\/uploads\/2023\/08\/Mercado-Pago-trasnparente.png\" alt=\"\" width=\"148\" height=\"46\" src=\"data:image\/svg+xml;base64,PHN2ZyB3aWR0aD0iMSIgaGVpZ2h0PSIxIiB4bWxucz0iaHR0cDovL3d3dy53My5vcmcvMjAwMC9zdmciPjwvc3ZnPg==\" style=\"--smush-placeholder-width: 148px; --smush-placeholder-aspect-ratio: 148\/46;\" \/><\/a> \u00a0\u00a0\u00a0 <a href=\"https:\/\/www.paypal.com\/cgi-bin\/webscr?cmd=_s-xclick&amp;hosted_button_id=DBSSF4TZL4GUQ\" target=\"_blank\" rel=\"noopener\"><img decoding=\"async\" class=\"alignnone size-full wp-image-2621 lazyload\" data-src=\"https:\/\/digitaltechnology.com.ar\/vinilosencd\/wp-content\/uploads\/2023\/08\/Pay-Pal.png\" alt=\"\" width=\"162\" height=\"60\" src=\"data:image\/svg+xml;base64,PHN2ZyB3aWR0aD0iMSIgaGVpZ2h0PSIxIiB4bWxucz0iaHR0cDovL3d3dy53My5vcmcvMjAwMC9zdmciPjwvc3ZnPg==\" style=\"--smush-placeholder-width: 162px; --smush-placeholder-aspect-ratio: 162\/60;\" \/><\/a><\/p>\n<div class=\"pvc_clear\"><\/div>\n<p id=\"pvc_stats_2433\" class=\"pvc_stats all  \" data-element-id=\"2433\" style=\"\"><i class=\"pvc-stats-icon medium\" aria-hidden=\"true\"><svg aria-hidden=\"true\" focusable=\"false\" data-prefix=\"far\" data-icon=\"chart-bar\" role=\"img\" xmlns=\"http:\/\/www.w3.org\/2000\/svg\" viewBox=\"0 0 512 512\" class=\"svg-inline--fa fa-chart-bar fa-w-16 fa-2x\"><path fill=\"currentColor\" d=\"M396.8 352h22.4c6.4 0 12.8-6.4 12.8-12.8V108.8c0-6.4-6.4-12.8-12.8-12.8h-22.4c-6.4 0-12.8 6.4-12.8 12.8v230.4c0 6.4 6.4 12.8 12.8 12.8zm-192 0h22.4c6.4 0 12.8-6.4 12.8-12.8V140.8c0-6.4-6.4-12.8-12.8-12.8h-22.4c-6.4 0-12.8 6.4-12.8 12.8v198.4c0 6.4 6.4 12.8 12.8 12.8zm96 0h22.4c6.4 0 12.8-6.4 12.8-12.8V204.8c0-6.4-6.4-12.8-12.8-12.8h-22.4c-6.4 0-12.8 6.4-12.8 12.8v134.4c0 6.4 6.4 12.8 12.8 12.8zM496 400H48V80c0-8.84-7.16-16-16-16H16C7.16 64 0 71.16 0 80v336c0 17.67 14.33 32 32 32h464c8.84 0 16-7.16 16-16v-16c0-8.84-7.16-16-16-16zm-387.2-48h22.4c6.4 0 12.8-6.4 12.8-12.8v-70.4c0-6.4-6.4-12.8-12.8-12.8h-22.4c-6.4 0-12.8 6.4-12.8 12.8v70.4c0 6.4 6.4 12.8 12.8 12.8z\" class=\"\"><\/path><\/svg><\/i> <img decoding=\"async\" width=\"16\" height=\"16\" alt=\"Loading\" data-src=\"https:\/\/digitaltechnology.com.ar\/vinilosencd\/wp-content\/plugins\/page-views-count\/ajax-loader-2x.gif\" border=0 src=\"data:image\/svg+xml;base64,PHN2ZyB3aWR0aD0iMSIgaGVpZ2h0PSIxIiB4bWxucz0iaHR0cDovL3d3dy53My5vcmcvMjAwMC9zdmciPjwvc3ZnPg==\" class=\"lazyload\" style=\"--smush-placeholder-width: 16px; --smush-placeholder-aspect-ratio: 16\/16;\" \/><\/p>\n<div class=\"pvc_clear\"><\/div>\n","protected":false},"featured_media":9007,"comment_status":"open","ping_status":"closed","template":"","meta":{"site-sidebar-layout":"default","site-content-layout":"default","ast-site-content-layout":"default","site-content-style":"default","site-sidebar-style":"default","ast-global-header-display":"","ast-banner-title-visibility":"","ast-main-header-display":"","ast-hfb-above-header-display":"","ast-hfb-below-header-display":"","ast-hfb-mobile-header-display":"","site-post-title":"","ast-breadcrumbs-content":"","ast-featured-img":"","footer-sml-layout":"","theme-transparent-header-meta":"default","adv-header-id-meta":"","stick-header-meta":"","header-above-stick-meta":"","header-main-stick-meta":"","header-below-stick-meta":"","astra-migrate-meta-layouts":"set","ast-page-background-enabled":"default","ast-page-background-meta":{"desktop":{"background-color":"var(--ast-global-color-4)","background-image":"","background-repeat":"repeat","background-position":"center center","background-size":"auto","background-attachment":"scroll","background-type":"","background-media":"","overlay-type":"","overlay-color":"","overlay-opacity":"","overlay-gradient":""},"tablet":{"background-color":"","background-image":"","background-repeat":"repeat","background-position":"center center","background-size":"auto","background-attachment":"scroll","background-type":"","background-media":"","overlay-type":"","overlay-color":"","overlay-opacity":"","overlay-gradient":""},"mobile":{"background-color":"","background-image":"","background-repeat":"repeat","background-position":"center center","background-size":"auto","background-attachment":"scroll","background-type":"","background-media":"","overlay-type":"","overlay-color":"","overlay-opacity":"","overlay-gradient":""}},"ast-content-background-meta":{"desktop":{"background-color":"var(--ast-global-color-5)","background-image":"","background-repeat":"repeat","background-position":"center center","background-size":"auto","background-attachment":"scroll","background-type":"","background-media":"","overlay-type":"","overlay-color":"","overlay-opacity":"","overlay-gradient":""},"tablet":{"background-color":"var(--ast-global-color-5)","background-image":"","background-repeat":"repeat","background-position":"center center","background-size":"auto","background-attachment":"scroll","background-type":"","background-media":"","overlay-type":"","overlay-color":"","overlay-opacity":"","overlay-gradient":""},"mobile":{"background-color":"var(--ast-global-color-5)","background-image":"","background-repeat":"repeat","background-position":"center center","background-size":"auto","background-attachment":"scroll","background-type":"","background-media":"","overlay-type":"","overlay-color":"","overlay-opacity":"","overlay-gradient":""}}},"product_brand":[],"product_cat":[16],"product_tag":[20],"class_list":{"0":"post-2433","1":"product","2":"type-product","3":"status-publish","4":"has-post-thumbnail","6":"product_cat-fontana","7":"product_tag-gapul","8":"desktop-align-left","9":"tablet-align-left","10":"mobile-align-left","12":"first","13":"instock","14":"virtual","15":"purchasable","16":"product-type-simple"},"a3_pvc":{"activated":true,"total_views":53,"today_views":0},"yoast_head":"<!-- This site is optimized with the Yoast SEO plugin v27.4 - https:\/\/yoast.com\/product\/yoast-seo-wordpress\/ -->\n<title>Saturday night in Manhattan | Vinyl on cd<\/title>\n<meta name=\"description\" content=\"Album &quot;Saturday night in Manhattan&quot;. Masterizaci\u00f3n profesional de vinilos, entregadas en formato digital. Sum\u00e1 los discos cl\u00e1sicos bolicheros argentinos a tu coleccion.\" \/>\n<meta name=\"robots\" content=\"index, follow, max-snippet:-1, max-image-preview:large, max-video-preview:-1\" \/>\n<link rel=\"canonical\" href=\"https:\/\/digitaltechnology.com.ar\/vinilosencd\/producto\/saturday-night-in-manhattan\/\" \/>\n<meta property=\"og:locale\" content=\"es_ES\" \/>\n<meta property=\"og:type\" content=\"article\" \/>\n<meta property=\"og:title\" content=\"Saturday night in Manhattan | Vinyl on cd\" \/>\n<meta property=\"og:description\" content=\"Album &quot;Saturday night in Manhattan&quot;. Masterizaci\u00f3n profesional de vinilos, entregadas en formato digital. Sum\u00e1 los discos cl\u00e1sicos bolicheros argentinos a tu coleccion.\" \/>\n<meta property=\"og:url\" content=\"https:\/\/digitaltechnology.com.ar\/vinilosencd\/producto\/saturday-night-in-manhattan\/\" \/>\n<meta property=\"og:site_name\" content=\"Vinilos en Cd\" \/>\n<meta property=\"article:modified_time\" content=\"2026-03-04T20:30:00+00:00\" \/>\n<meta property=\"og:image\" content=\"https:\/\/digitaltechnology.com.ar\/vinilosencd\/wp-content\/uploads\/2026\/03\/Saturday-night-front.jpg\" \/>\n\t<meta property=\"og:image:width\" content=\"709\" \/>\n\t<meta property=\"og:image:height\" content=\"709\" \/>\n\t<meta property=\"og:image:type\" content=\"image\/jpeg\" \/>\n<meta name=\"twitter:card\" content=\"summary_large_image\" \/>\n<meta name=\"twitter:label1\" content=\"Tiempo de lectura\" \/>\n\t<meta name=\"twitter:data1\" content=\"1 minuto\" \/>\n<script type=\"application\/ld+json\" class=\"yoast-schema-graph\">{\"@context\":\"https:\\\/\\\/schema.org\",\"@graph\":[{\"@type\":\"WebPage\",\"@id\":\"https:\\\/\\\/digitaltechnology.com.ar\\\/vinilosencd\\\/producto\\\/saturday-night-in-manhattan\\\/\",\"url\":\"https:\\\/\\\/digitaltechnology.com.ar\\\/vinilosencd\\\/producto\\\/saturday-night-in-manhattan\\\/\",\"name\":\"Saturday night in Manhattan | Vinyl on cd\",\"isPartOf\":{\"@id\":\"https:\\\/\\\/digitaltechnology.com.ar\\\/vinilosencd\\\/#website\"},\"primaryImageOfPage\":{\"@id\":\"https:\\\/\\\/digitaltechnology.com.ar\\\/vinilosencd\\\/producto\\\/saturday-night-in-manhattan\\\/#primaryimage\"},\"image\":{\"@id\":\"https:\\\/\\\/digitaltechnology.com.ar\\\/vinilosencd\\\/producto\\\/saturday-night-in-manhattan\\\/#primaryimage\"},\"thumbnailUrl\":\"https:\\\/\\\/digitaltechnology.com.ar\\\/vinilosencd\\\/wp-content\\\/uploads\\\/2026\\\/03\\\/Saturday-night-front.jpg\",\"datePublished\":\"2023-08-23T23:50:48+00:00\",\"dateModified\":\"2026-03-04T20:30:00+00:00\",\"description\":\"Album \\\"Saturday night in Manhattan\\\". Masterizaci\u00f3n profesional de vinilos, entregadas en formato digital. Sum\u00e1 los discos cl\u00e1sicos bolicheros argentinos a tu coleccion.\",\"breadcrumb\":{\"@id\":\"https:\\\/\\\/digitaltechnology.com.ar\\\/vinilosencd\\\/producto\\\/saturday-night-in-manhattan\\\/#breadcrumb\"},\"inLanguage\":\"es\",\"potentialAction\":[{\"@type\":\"ReadAction\",\"target\":[\"https:\\\/\\\/digitaltechnology.com.ar\\\/vinilosencd\\\/producto\\\/saturday-night-in-manhattan\\\/\"]}]},{\"@type\":\"ImageObject\",\"inLanguage\":\"es\",\"@id\":\"https:\\\/\\\/digitaltechnology.com.ar\\\/vinilosencd\\\/producto\\\/saturday-night-in-manhattan\\\/#primaryimage\",\"url\":\"https:\\\/\\\/digitaltechnology.com.ar\\\/vinilosencd\\\/wp-content\\\/uploads\\\/2026\\\/03\\\/Saturday-night-front.jpg\",\"contentUrl\":\"https:\\\/\\\/digitaltechnology.com.ar\\\/vinilosencd\\\/wp-content\\\/uploads\\\/2026\\\/03\\\/Saturday-night-front.jpg\",\"width\":709,\"height\":709,\"caption\":\"xr:d:DAFsIyI19Qs:22,j:1378502153219262330,t:23082323\"},{\"@type\":\"BreadcrumbList\",\"@id\":\"https:\\\/\\\/digitaltechnology.com.ar\\\/vinilosencd\\\/producto\\\/saturday-night-in-manhattan\\\/#breadcrumb\",\"itemListElement\":[{\"@type\":\"ListItem\",\"position\":1,\"name\":\"Portada\",\"item\":\"https:\\\/\\\/digitaltechnology.com.ar\\\/vinilosencd\\\/\"},{\"@type\":\"ListItem\",\"position\":2,\"name\":\"Tienda de Vinilos Masterizados\",\"item\":\"https:\\\/\\\/digitaltechnology.com.ar\\\/vinilosencd\\\/tienda-vinilos-masterizados\\\/\"},{\"@type\":\"ListItem\",\"position\":3,\"name\":\"SATURDAY NIGHT IN MANHATTAN\"}]},{\"@type\":\"WebSite\",\"@id\":\"https:\\\/\\\/digitaltechnology.com.ar\\\/vinilosencd\\\/#website\",\"url\":\"https:\\\/\\\/digitaltechnology.com.ar\\\/vinilosencd\\\/\",\"name\":\"Vinilos en Cd\",\"description\":\"Vinilos en Cd\",\"publisher\":{\"@id\":\"https:\\\/\\\/digitaltechnology.com.ar\\\/vinilosencd\\\/#\\\/schema\\\/person\\\/3daaa8782955ec57673395a497415cb6\"},\"potentialAction\":[{\"@type\":\"SearchAction\",\"target\":{\"@type\":\"EntryPoint\",\"urlTemplate\":\"https:\\\/\\\/digitaltechnology.com.ar\\\/vinilosencd\\\/?s={search_term_string}\"},\"query-input\":{\"@type\":\"PropertyValueSpecification\",\"valueRequired\":true,\"valueName\":\"search_term_string\"}}],\"inLanguage\":\"es\"},{\"@type\":[\"Person\",\"Organization\"],\"@id\":\"https:\\\/\\\/digitaltechnology.com.ar\\\/vinilosencd\\\/#\\\/schema\\\/person\\\/3daaa8782955ec57673395a497415cb6\",\"name\":\"admin\",\"image\":{\"@type\":\"ImageObject\",\"inLanguage\":\"es\",\"@id\":\"https:\\\/\\\/digitaltechnology.com.ar\\\/vinilosencd\\\/wp-content\\\/uploads\\\/2023\\\/07\\\/cropped-LOGO-CHICO-Centrado.png\",\"url\":\"https:\\\/\\\/digitaltechnology.com.ar\\\/vinilosencd\\\/wp-content\\\/uploads\\\/2023\\\/07\\\/cropped-LOGO-CHICO-Centrado.png\",\"contentUrl\":\"https:\\\/\\\/digitaltechnology.com.ar\\\/vinilosencd\\\/wp-content\\\/uploads\\\/2023\\\/07\\\/cropped-LOGO-CHICO-Centrado.png\",\"width\":1998,\"height\":457,\"caption\":\"admin\"},\"logo\":{\"@id\":\"https:\\\/\\\/digitaltechnology.com.ar\\\/vinilosencd\\\/wp-content\\\/uploads\\\/2023\\\/07\\\/cropped-LOGO-CHICO-Centrado.png\"},\"sameAs\":[\"http:\\\/\\\/vinilosencd.free.nf\"]}]}<\/script>\n<!-- \/ Yoast SEO plugin. -->","yoast_head_json":{"title":"Saturday night in Manhattan | Vinyl on cd","description":"Album \"Saturday night in Manhattan\". Masterizaci\u00f3n profesional de vinilos, entregadas en formato digital. Sum\u00e1 los discos cl\u00e1sicos bolicheros argentinos a tu coleccion.","robots":{"index":"index","follow":"follow","max-snippet":"max-snippet:-1","max-image-preview":"max-image-preview:large","max-video-preview":"max-video-preview:-1"},"canonical":"https:\/\/digitaltechnology.com.ar\/vinilosencd\/producto\/saturday-night-in-manhattan\/","og_locale":"es_ES","og_type":"article","og_title":"Saturday night in Manhattan | Vinyl on cd","og_description":"Album \"Saturday night in Manhattan\". Masterizaci\u00f3n profesional de vinilos, entregadas en formato digital. Sum\u00e1 los discos cl\u00e1sicos bolicheros argentinos a tu coleccion.","og_url":"https:\/\/digitaltechnology.com.ar\/vinilosencd\/producto\/saturday-night-in-manhattan\/","og_site_name":"Vinilos en Cd","article_modified_time":"2026-03-04T20:30:00+00:00","og_image":[{"width":709,"height":709,"url":"https:\/\/digitaltechnology.com.ar\/vinilosencd\/wp-content\/uploads\/2026\/03\/Saturday-night-front.jpg","type":"image\/jpeg"}],"twitter_card":"summary_large_image","twitter_misc":{"Tiempo de lectura":"1 minuto"},"schema":{"@context":"https:\/\/schema.org","@graph":[{"@type":"WebPage","@id":"https:\/\/digitaltechnology.com.ar\/vinilosencd\/producto\/saturday-night-in-manhattan\/","url":"https:\/\/digitaltechnology.com.ar\/vinilosencd\/producto\/saturday-night-in-manhattan\/","name":"Saturday night in Manhattan | Vinyl on cd","isPartOf":{"@id":"https:\/\/digitaltechnology.com.ar\/vinilosencd\/#website"},"primaryImageOfPage":{"@id":"https:\/\/digitaltechnology.com.ar\/vinilosencd\/producto\/saturday-night-in-manhattan\/#primaryimage"},"image":{"@id":"https:\/\/digitaltechnology.com.ar\/vinilosencd\/producto\/saturday-night-in-manhattan\/#primaryimage"},"thumbnailUrl":"https:\/\/digitaltechnology.com.ar\/vinilosencd\/wp-content\/uploads\/2026\/03\/Saturday-night-front.jpg","datePublished":"2023-08-23T23:50:48+00:00","dateModified":"2026-03-04T20:30:00+00:00","description":"Album \"Saturday night in Manhattan\". Masterizaci\u00f3n profesional de vinilos, entregadas en formato digital. Sum\u00e1 los discos cl\u00e1sicos bolicheros argentinos a tu coleccion.","breadcrumb":{"@id":"https:\/\/digitaltechnology.com.ar\/vinilosencd\/producto\/saturday-night-in-manhattan\/#breadcrumb"},"inLanguage":"es","potentialAction":[{"@type":"ReadAction","target":["https:\/\/digitaltechnology.com.ar\/vinilosencd\/producto\/saturday-night-in-manhattan\/"]}]},{"@type":"ImageObject","inLanguage":"es","@id":"https:\/\/digitaltechnology.com.ar\/vinilosencd\/producto\/saturday-night-in-manhattan\/#primaryimage","url":"https:\/\/digitaltechnology.com.ar\/vinilosencd\/wp-content\/uploads\/2026\/03\/Saturday-night-front.jpg","contentUrl":"https:\/\/digitaltechnology.com.ar\/vinilosencd\/wp-content\/uploads\/2026\/03\/Saturday-night-front.jpg","width":709,"height":709,"caption":"xr:d:DAFsIyI19Qs:22,j:1378502153219262330,t:23082323"},{"@type":"BreadcrumbList","@id":"https:\/\/digitaltechnology.com.ar\/vinilosencd\/producto\/saturday-night-in-manhattan\/#breadcrumb","itemListElement":[{"@type":"ListItem","position":1,"name":"Portada","item":"https:\/\/digitaltechnology.com.ar\/vinilosencd\/"},{"@type":"ListItem","position":2,"name":"Tienda de Vinilos Masterizados","item":"https:\/\/digitaltechnology.com.ar\/vinilosencd\/tienda-vinilos-masterizados\/"},{"@type":"ListItem","position":3,"name":"SATURDAY NIGHT IN MANHATTAN"}]},{"@type":"WebSite","@id":"https:\/\/digitaltechnology.com.ar\/vinilosencd\/#website","url":"https:\/\/digitaltechnology.com.ar\/vinilosencd\/","name":"Vinilos en Cd","description":"Vinilos en Cd","publisher":{"@id":"https:\/\/digitaltechnology.com.ar\/vinilosencd\/#\/schema\/person\/3daaa8782955ec57673395a497415cb6"},"potentialAction":[{"@type":"SearchAction","target":{"@type":"EntryPoint","urlTemplate":"https:\/\/digitaltechnology.com.ar\/vinilosencd\/?s={search_term_string}"},"query-input":{"@type":"PropertyValueSpecification","valueRequired":true,"valueName":"search_term_string"}}],"inLanguage":"es"},{"@type":["Person","Organization"],"@id":"https:\/\/digitaltechnology.com.ar\/vinilosencd\/#\/schema\/person\/3daaa8782955ec57673395a497415cb6","name":"admin","image":{"@type":"ImageObject","inLanguage":"es","@id":"https:\/\/digitaltechnology.com.ar\/vinilosencd\/wp-content\/uploads\/2023\/07\/cropped-LOGO-CHICO-Centrado.png","url":"https:\/\/digitaltechnology.com.ar\/vinilosencd\/wp-content\/uploads\/2023\/07\/cropped-LOGO-CHICO-Centrado.png","contentUrl":"https:\/\/digitaltechnology.com.ar\/vinilosencd\/wp-content\/uploads\/2023\/07\/cropped-LOGO-CHICO-Centrado.png","width":1998,"height":457,"caption":"admin"},"logo":{"@id":"https:\/\/digitaltechnology.com.ar\/vinilosencd\/wp-content\/uploads\/2023\/07\/cropped-LOGO-CHICO-Centrado.png"},"sameAs":["http:\/\/vinilosencd.free.nf"]}]}},"_links":{"self":[{"href":"https:\/\/digitaltechnology.com.ar\/vinilosencd\/wp-json\/wp\/v2\/product\/2433","targetHints":{"allow":["GET"]}}],"collection":[{"href":"https:\/\/digitaltechnology.com.ar\/vinilosencd\/wp-json\/wp\/v2\/product"}],"about":[{"href":"https:\/\/digitaltechnology.com.ar\/vinilosencd\/wp-json\/wp\/v2\/types\/product"}],"replies":[{"embeddable":true,"href":"https:\/\/digitaltechnology.com.ar\/vinilosencd\/wp-json\/wp\/v2\/comments?post=2433"}],"wp:featuredmedia":[{"embeddable":true,"href":"https:\/\/digitaltechnology.com.ar\/vinilosencd\/wp-json\/wp\/v2\/media\/9007"}],"wp:attachment":[{"href":"https:\/\/digitaltechnology.com.ar\/vinilosencd\/wp-json\/wp\/v2\/media?parent=2433"}],"wp:term":[{"taxonomy":"product_brand","embeddable":true,"href":"https:\/\/digitaltechnology.com.ar\/vinilosencd\/wp-json\/wp\/v2\/product_brand?post=2433"},{"taxonomy":"product_cat","embeddable":true,"href":"https:\/\/digitaltechnology.com.ar\/vinilosencd\/wp-json\/wp\/v2\/product_cat?post=2433"},{"taxonomy":"product_tag","embeddable":true,"href":"https:\/\/digitaltechnology.com.ar\/vinilosencd\/wp-json\/wp\/v2\/product_tag?post=2433"}],"curies":[{"name":"wp","href":"https:\/\/api.w.org\/{rel}","templated":true}]}}